{"id":13,"date":"2025-03-12T13:42:52","date_gmt":"2025-03-12T16:42:52","guid":{"rendered":"https:\/\/pmgirscacador.fepese.org.br\/?page_id=13"},"modified":"2025-06-03T14:01:41","modified_gmt":"2025-06-03T14:01:41","slug":"equipe","status":"publish","type":"page","link":"http:\/\/pmgirscacador.fepese.org.br\/?page_id=13","title":{"rendered":"Equipe"},"content":{"rendered":"<p><img loading=\"lazy\" decoding=\"async\" class=\"alignnone wp-image-2037\" src=\"http:\/\/pmgirscacador.fepese.org.br\/wp-content\/uploads\/2025\/05\/logos1_01-1-300x166.png\" alt=\"\" width=\"269\" height=\"149\" srcset=\"http:\/\/pmgirscacador.fepese.org.br\/wp-content\/uploads\/2025\/05\/logos1_01-1-300x166.png 300w, http:\/\/pmgirscacador.fepese.org.br\/wp-content\/uploads\/2025\/05\/logos1_01-1.png 447w\" sizes=\"auto, (max-width: 269px) 100vw, 269px\" \/><\/p>\n<p><strong>Coordenador<\/strong><br \/>\nDOMINGOS SAVIL ZANCANARO<br \/>\nEng. Agr\u00f4nomo &#8211; CREA\/SC 042732-8<\/p>\n<p><strong>Equipe T\u00e9cnica<br \/>\n<\/strong>DAIANA BASTEZINI<br \/>\nMestre em Arquitetura e Urbanismo,<br \/>\nacad\u00eamica de Engenharia Ambiental<\/p>\n<p>FL\u00c1VIA V. G. OROFINO<br \/>\nEng. Sanitarista e Ambiental &#8211; CREA\/SC 31.559-6<\/p>\n<p>KARINA DE SOUZA<br \/>\nEng. Sanitarista e Ambiental &#8211; CREA\/SC 93.644-7<\/p>\n<p>WILSON CANCIAN LOPES<br \/>\nEng. Mec\u00e2nico &#8211; CREA\/SC 93.644-7<\/p>\n<p>LUCIANE ZU\u00ca SOUZA<br \/>\nJornalista<\/p>\n<p>Consultoria<br \/>\nANDREZA MAZIERO<br \/>\nEng. Sanitarista e Ambiental &#8211; CREA\/SC 177644-2<\/p>\n<p>NAOMI DE PAULA SCHEER<br \/>\nArquiteta e Urbanista &#8211; CAU A87023-4<\/p>\n<p>MOACIR MANOEL RODRIGUES J\u00daNIOR<br \/>\nDoutor em M\u00e9todos Num\u00e9ricos<\/p>\n<p>THIAGO AUGUSTO TEIXEIRA<br \/>\nAdvogado &#8211; OAB\/SC 16.955<\/p>\n<p>&nbsp;<\/p>\n<p><img loading=\"lazy\" decoding=\"async\" class=\"alignnone wp-image-2050\" src=\"http:\/\/pmgirscacador.fepese.org.br\/wp-content\/uploads\/2025\/05\/Logo_Agricultura_e_Meio_Ambiente-1-300x53.png\" alt=\"\" width=\"266\" height=\"47\" srcset=\"http:\/\/pmgirscacador.fepese.org.br\/wp-content\/uploads\/2025\/05\/Logo_Agricultura_e_Meio_Ambiente-1-300x53.png 300w, http:\/\/pmgirscacador.fepese.org.br\/wp-content\/uploads\/2025\/05\/Logo_Agricultura_e_Meio_Ambiente-1-1024x180.png 1024w, http:\/\/pmgirscacador.fepese.org.br\/wp-content\/uploads\/2025\/05\/Logo_Agricultura_e_Meio_Ambiente-1-768x135.png 768w, http:\/\/pmgirscacador.fepese.org.br\/wp-content\/uploads\/2025\/05\/Logo_Agricultura_e_Meio_Ambiente-1-1536x269.png 1536w, http:\/\/pmgirscacador.fepese.org.br\/wp-content\/uploads\/2025\/05\/Logo_Agricultura_e_Meio_Ambiente-1.png 2007w\" sizes=\"auto, (max-width: 266px) 100vw, 266px\" \/><\/p>\n<p>CLAUDIO LUIZ ROTTAVA<br \/>\nSecret\u00e1rio Municipal de Agricultura e Meio Ambiente<\/p>\n<p>GUSTAVO KUCHER FURLIN<br \/>\nFiscal Ambiental &#8211; Coordenador de Saneamento B\u00e1sico<\/p>\n<p>CAMILA MABONI<br \/>\nEngenheira Ambiental<\/p>\n<p>VITOR AUGUSTO CAVALHERI ROCHA<br \/>\nEngenheiro Sanitarista<\/p>\n<p>VANDER ROBERTO FARIA<br \/>\nFiscal Ambiental<\/p>\n<p>ANDREA TOZZO MARAFON<br \/>\nBi\u00f3loga &#8211; Coordenadora de Educa\u00e7\u00e3o Ambiental<\/p>\n","protected":false},"excerpt":{"rendered":"<p>Coordenador DOMINGOS SAVIL ZANCANARO Eng. Agr\u00f4nomo &#8211; CREA\/SC 042732-8 Equipe T\u00e9cnica DAIANA BASTEZINI Mestre em Arquitetura e Urbanismo, acad\u00eamica de Engenharia Ambiental FL\u00c1VIA V. G. OROFINO Eng. Sanitarista e Ambiental &#8211; CREA\/SC 31.559-6 KARINA DE SOUZA Eng. Sanitarista e Ambiental &#8211; CREA\/SC 93.644-7 WILSON CANCIAN LOPES Eng. Mec\u00e2nico &#8211; CREA\/SC 93.644-7 LUCIANE ZU\u00ca SOUZA Jornalista &hellip;<\/p>\n","protected":false},"author":2,"featured_media":0,"parent":0,"menu_order":0,"comment_status":"closed","ping_status":"closed","template":"","meta":{"footnotes":""},"class_list":["post-13","page","type-page","status-publish","hentry"],"_links":{"self":[{"href":"http:\/\/pmgirscacador.fepese.org.br\/index.php?rest_route=\/wp\/v2\/pages\/13","targetHints":{"allow":["GET"]}}],"collection":[{"href":"http:\/\/pmgirscacador.fepese.org.br\/index.php?rest_route=\/wp\/v2\/pages"}],"about":[{"href":"http:\/\/pmgirscacador.fepese.org.br\/index.php?rest_route=\/wp\/v2\/types\/page"}],"author":[{"embeddable":true,"href":"http:\/\/pmgirscacador.fepese.org.br\/index.php?rest_route=\/wp\/v2\/users\/2"}],"replies":[{"embeddable":true,"href":"http:\/\/pmgirscacador.fepese.org.br\/index.php?rest_route=%2Fwp%2Fv2%2Fcomments&post=13"}],"version-history":[{"count":7,"href":"http:\/\/pmgirscacador.fepese.org.br\/index.php?rest_route=\/wp\/v2\/pages\/13\/revisions"}],"predecessor-version":[{"id":2101,"href":"http:\/\/pmgirscacador.fepese.org.br\/index.php?rest_route=\/wp\/v2\/pages\/13\/revisions\/2101"}],"wp:attachment":[{"href":"http:\/\/pmgirscacador.fepese.org.br\/index.php?rest_route=%2Fwp%2Fv2%2Fmedia&parent=13"}],"curies":[{"name":"wp","href":"https:\/\/api.w.org\/{rel}","templated":true}]}}