{"id":18,"date":"2025-03-12T13:43:38","date_gmt":"2025-03-12T16:43:38","guid":{"rendered":"http:\/\/98.81.228.128\/?page_id=18"},"modified":"2025-06-03T18:07:15","modified_gmt":"2025-06-03T18:07:15","slug":"produtos","status":"publish","type":"page","link":"http:\/\/pmgirscacador.fepese.org.br\/?page_id=18","title":{"rendered":"Produtos"},"content":{"rendered":"<p><strong>PMGIRS CA\u00c7ADOR \u2013 PRODUTO 4<\/strong><br \/>\n<strong>VERS\u00c3O PRELIMINAR DO PLANO MUNICIPAL DE GEST\u00c3O<\/strong><br \/>\n<strong>INTEGRADA DE RES\u00cdDUOS S\u00d3LIDOS<\/strong><\/p>\n<p>PMGIRS CA\u00c7ADOR \u2013 PRODUTO 4<br \/>\nEste produto \u00e9 a vers\u00e3o preliminar do PMGIRS \u2013 Ca\u00e7ador, apresentado neste espa\u00e7o para consulta p\u00fablica, com o objetivo de socializar o plano e propiciar a participa\u00e7\u00e3o social.<\/p>\n<p>O documento ficar\u00e1 dispon\u00edvel pelo per\u00edodo de 30 dias., per\u00edodo em que a popula\u00e7\u00e3o e entidades representativas poder\u00e3o realizar a consulta, an\u00e1lises e registrar suas contribui\u00e7\u00f5es no formul\u00e1rio dispon\u00edvel no link <a href=\"https:\/\/docs.google.com\/forms\/d\/1COs7TDDg_jeKKoO17Lgg2faG6GT-yjilaqiYnH3uwww\/preview\" target=\"_blank\" rel=\"noopener\">CONSULTA P\u00daBLICA<\/a> .<\/p>\n<p><strong>Para visualizar e realizar download da Vers\u00e3o Preliminar do Plano em alta resolu\u00e7\u00e3o (ideal para visualiza\u00e7\u00e3o de n\u00fameros e detalhes), acesse o link abaixo.<\/strong><\/p>\n<p><a href=\"https:\/\/drive.google.com\/drive\/folders\/11EohByjWyCGbuMidhj2MYu2q7hORBhHp?usp=sharing\" target=\"_blank\" rel=\"noopener\">PMGIRS CA\u00c7ADOR PRODUTO4_VERS\u00c3O PRELIMINAR PMGIRS_DOWNLOAD ALTA RESOLU\u00c7\u00c3O<\/a><\/p>\n<p>A Vers\u00e3o Preliminar do PMGIRS (e seus Ap\u00eandices) est\u00e3o dispon\u00edveis nos links abaixo.<\/p>\n<p><a href=\"http:\/\/pmgirscacador.fepese.org.br\/wp-content\/uploads\/2025\/05\/PMGIRS-CACADOR-PRODUTO4_VERSAO-PRELIMINAR-PMGIRS.pdf\">PMGIRS CA\u00c7ADOR PRODUTO4_VERS\u00c3O PRELIMINAR PMGIRS<\/a><\/p>\n<p><a href=\"http:\/\/pmgirscacador.fepese.org.br\/wp-content\/uploads\/2025\/05\/PMGIRS_APENDICE-A_PRODUTO-4.pdf\">PMGIRS_AP\u00caNDICE A_PRODUTO 4<\/a><\/p>\n<p><a href=\"http:\/\/pmgirscacador.fepese.org.br\/wp-content\/uploads\/2025\/06\/PMGIRS_APENDICE-B_PRODUTO-4.pdf\">PMGIRS_AP\u00caNDICE B_PRODUTO 4<\/a><\/p>\n<p><a href=\"http:\/\/pmgirscacador.fepese.org.br\/wp-content\/uploads\/2025\/06\/PMGIRS_APENDICE-C_PRODUTO-4.pdf\">PMGIRS_AP\u00caNDICE C_PRODUTO 4<\/a><\/p>\n<p><a href=\"http:\/\/pmgirscacador.fepese.org.br\/wp-content\/uploads\/2025\/05\/PMGIRS_APENDICE-D_PRODUTO-4.pdf\">PMGIRS_AP\u00caNDICE D_PRODUTO 4<\/a><\/p>\n<p><a href=\"http:\/\/pmgirscacador.fepese.org.br\/wp-content\/uploads\/2025\/05\/PMGIRS_APENDICE-E_PRODUTO-4.pdf\">PMGIRS_AP\u00caNDICE E_PRODUTO 4<\/a><\/p>\n<p><a href=\"http:\/\/pmgirscacador.fepese.org.br\/wp-content\/uploads\/2025\/05\/PMGIRS_APENDICE-F_PRODUTO-4.pdf\">PMGIRS_AP\u00caNDICE F_PRODUTO 4<\/a><\/p>\n<p><a href=\"http:\/\/pmgirscacador.fepese.org.br\/wp-content\/uploads\/2025\/05\/PMGIRS_APENDICE-G_PRODUTO-4.pdf\">PMGIRS_AP\u00caNDICE G_PRODUTO 4<\/a><\/p>\n<p><a href=\"http:\/\/pmgirscacador.fepese.org.br\/wp-content\/uploads\/2025\/05\/PMGIRS_APENDICE-H_PRODUTO-4.pdf\">PMGIRS_AP\u00caNDICE H_PRODUTO 4<\/a><\/p>\n<p><a href=\"http:\/\/pmgirscacador.fepese.org.br\/wp-content\/uploads\/2025\/05\/PMGIRS_APENDICE-I_PRODUTO-4.pdf\">PMGIRS_AP\u00caNDICE I_PRODUTO 4<\/a><\/p>\n<p>&nbsp;<\/p>\n<p><strong>PMGIRS CA\u00c7ADOR &#8211; PRODUTO 3<\/strong><br \/>\n<strong>PROPOSI\u00c7\u00d5ES PARA A MELHORIA DOS SERVI\u00c7OS DE MANEJO<\/strong><br \/>\n<strong>DE RES\u00cdDUOS S\u00d3LIDOS E LIMPEZA URBANA<\/strong><\/p>\n<p>Este produto tem por objetivo propor diretrizes, metas e planos de a\u00e7\u00e3o do PMGIRS, para que se alcance os padr\u00f5es estabelecidos no cen\u00e1rio normativo, conforme apresentado no Progn\u00f3stico.<\/p>\n<p>Acesse o Produto 3 e os Ap\u00eandices A e B a ele referentes nos links abaixo<\/p>\n<p><a href=\"https:\/\/drive.google.com\/drive\/folders\/1BSOP5r5w2ZyLOYuOuOdLF9s8PAYD9Bny?usp=sharing\" target=\"_blank\" rel=\"noopener\">PMGIRS CA\u00c7ADOR_PRODUTO 3<\/a><\/p>\n<p><a href=\"http:\/\/pmgirscacador.fepese.org.br\/wp-content\/uploads\/2025\/06\/PMGIRS_APENDICE-A_PRODUTO-3.pdf\">PMGIRS_AP\u00caNDICE A_PRODUTO 3<\/a><\/p>\n<p><a href=\"http:\/\/pmgirscacador.fepese.org.br\/wp-content\/uploads\/2025\/06\/PMGIRS_APENDICE-B_PRODUTO-3.pdf\">PMGIRS_AP\u00caNDICE B_PRODUTO 3<\/a><\/p>\n<p>&nbsp;<\/p>\n<p><strong>PMGIRS CA\u00c7ADOR \u2013 PRODUTO 1<\/strong><br \/>\n<b>PLANO DE TRABALHO<\/b><\/p>\n<p>Este produto tem por objetivo apresentar as etapas, a\u00e7\u00f5es, metodologias, Estrat\u00e9gias de divulga\u00e7\u00e3o, comunica\u00e7\u00e3o, mobiliza\u00e7\u00e3o e participa\u00e7\u00e3o social, ferramentas e cronograma \u00e0 constru\u00e7\u00e3o do Plano Municipal de Gest\u00e3o Integrada de Res\u00edduos S\u00f3lidos do Munic\u00edpio (PMGIRS), do munic\u00edpio de Ca\u00e7ador.<\/p>\n<p>Acesse o Plano de Trabalho (Produto 1) e seu Ap\u00eandice A nos links abaixo.<\/p>\n<p><a href=\"http:\/\/pmgirscacador.fepese.org.br\/wp-content\/uploads\/2025\/06\/PMGIRS-CACADOR_PRODUTO-1_PLANO-DE-TRABALHO-2.pdf\">PMGIRS CA\u00c7ADOR_PRODUTO 1_PLANO DE TRABALHO<\/a><\/p>\n<p><a href=\"http:\/\/pmgirscacador.fepese.org.br\/wp-content\/uploads\/2025\/06\/PMGIRS_APENDICE-A_PRODUTO-1.pdf\">PMGIRS_AP\u00caNDICE A_PRODUTO 1<\/a><\/p>\n","protected":false},"excerpt":{"rendered":"<p>PMGIRS CA\u00c7ADOR \u2013 PRODUTO 4 VERS\u00c3O PRELIMINAR DO PLANO MUNICIPAL DE GEST\u00c3O INTEGRADA DE RES\u00cdDUOS S\u00d3LIDOS PMGIRS CA\u00c7ADOR \u2013 PRODUTO 4 Este produto \u00e9 a vers\u00e3o preliminar do PMGIRS \u2013 Ca\u00e7ador, apresentado neste espa\u00e7o para consulta p\u00fablica, com o objetivo de socializar o plano e propiciar a participa\u00e7\u00e3o social. O documento ficar\u00e1 dispon\u00edvel pelo per\u00edodo &hellip;<\/p>\n","protected":false},"author":2,"featured_media":0,"parent":0,"menu_order":0,"comment_status":"closed","ping_status":"closed","template":"","meta":{"footnotes":""},"class_list":["post-18","page","type-page","status-publish","hentry"],"_links":{"self":[{"href":"http:\/\/pmgirscacador.fepese.org.br\/index.php?rest_route=\/wp\/v2\/pages\/18","targetHints":{"allow":["GET"]}}],"collection":[{"href":"http:\/\/pmgirscacador.fepese.org.br\/index.php?rest_route=\/wp\/v2\/pages"}],"about":[{"href":"http:\/\/pmgirscacador.fepese.org.br\/index.php?rest_route=\/wp\/v2\/types\/page"}],"author":[{"embeddable":true,"href":"http:\/\/pmgirscacador.fepese.org.br\/index.php?rest_route=\/wp\/v2\/users\/2"}],"replies":[{"embeddable":true,"href":"http:\/\/pmgirscacador.fepese.org.br\/index.php?rest_route=%2Fwp%2Fv2%2Fcomments&post=18"}],"version-history":[{"count":12,"href":"http:\/\/pmgirscacador.fepese.org.br\/index.php?rest_route=\/wp\/v2\/pages\/18\/revisions"}],"predecessor-version":[{"id":2044,"href":"http:\/\/pmgirscacador.fepese.org.br\/index.php?rest_route=\/wp\/v2\/pages\/18\/revisions\/2044"}],"wp:attachment":[{"href":"http:\/\/pmgirscacador.fepese.org.br\/index.php?rest_route=%2Fwp%2Fv2%2Fmedia&parent=18"}],"curies":[{"name":"wp","href":"https:\/\/api.w.org\/{rel}","templated":true}]}}