{"id":2024,"date":"2025-04-07T17:24:14","date_gmt":"2025-04-07T17:24:14","guid":{"rendered":"http:\/\/98.81.228.128\/?page_id=2024"},"modified":"2025-08-11T18:43:58","modified_gmt":"2025-08-11T18:43:58","slug":"participacao-popular","status":"publish","type":"page","link":"http:\/\/pmgirscacador.fepese.org.br\/?page_id=2024","title":{"rendered":"Participa\u00e7\u00e3o Popular"},"content":{"rendered":"<p><img loading=\"lazy\" decoding=\"async\" class=\"alignnone wp-image-2072\" src=\"http:\/\/pmgirscacador.fepese.org.br\/wp-content\/uploads\/2025\/05\/Cabeca-CONSULTA-PUBLICA-300x76.jpg\" alt=\"\" width=\"533\" height=\"135\" srcset=\"http:\/\/pmgirscacador.fepese.org.br\/wp-content\/uploads\/2025\/05\/Cabeca-CONSULTA-PUBLICA-300x76.jpg 300w, http:\/\/pmgirscacador.fepese.org.br\/wp-content\/uploads\/2025\/05\/Cabeca-CONSULTA-PUBLICA-1024x259.jpg 1024w, http:\/\/pmgirscacador.fepese.org.br\/wp-content\/uploads\/2025\/05\/Cabeca-CONSULTA-PUBLICA-768x194.jpg 768w, http:\/\/pmgirscacador.fepese.org.br\/wp-content\/uploads\/2025\/05\/Cabeca-CONSULTA-PUBLICA-1536x389.jpg 1536w, http:\/\/pmgirscacador.fepese.org.br\/wp-content\/uploads\/2025\/05\/Cabeca-CONSULTA-PUBLICA.jpg 1961w\" sizes=\"auto, (max-width: 533px) 100vw, 533px\" \/><\/p>\n<p>A Vers\u00e3o Preliminar do Plano Municipal de Gest\u00e3o Integrada de Res\u00edduos S\u00f3lidos de Ca\u00e7ador ficou dispon\u00edvel por 30 dias, per\u00edodo em que a popula\u00e7\u00e3o e entidades representativas puderam realizar a consulta, an\u00e1lises e registrar suas contribui\u00e7\u00f5es no formul\u00e1rio dispon\u00edvel.<\/p>\n<p>O resultado da pesquisa foi sistematizado e ser\u00e1 disponibilizado na vers\u00e3o final do PMGIRS &#8211; Ca\u00e7ador.<\/p>\n<p>&nbsp;<\/p>\n","protected":false},"excerpt":{"rendered":"<p>A Vers\u00e3o Preliminar do Plano Municipal de Gest\u00e3o Integrada de Res\u00edduos S\u00f3lidos de Ca\u00e7ador ficou dispon\u00edvel por 30 dias, per\u00edodo em que a popula\u00e7\u00e3o e entidades representativas puderam realizar a consulta, an\u00e1lises e registrar suas contribui\u00e7\u00f5es no formul\u00e1rio dispon\u00edvel. O resultado da pesquisa foi sistematizado e ser\u00e1 disponibilizado na vers\u00e3o final do PMGIRS &#8211; Ca\u00e7ador. &hellip;<\/p>\n","protected":false},"author":2,"featured_media":0,"parent":0,"menu_order":0,"comment_status":"closed","ping_status":"closed","template":"","meta":{"footnotes":""},"class_list":["post-2024","page","type-page","status-publish","hentry"],"_links":{"self":[{"href":"http:\/\/pmgirscacador.fepese.org.br\/index.php?rest_route=\/wp\/v2\/pages\/2024","targetHints":{"allow":["GET"]}}],"collection":[{"href":"http:\/\/pmgirscacador.fepese.org.br\/index.php?rest_route=\/wp\/v2\/pages"}],"about":[{"href":"http:\/\/pmgirscacador.fepese.org.br\/index.php?rest_route=\/wp\/v2\/types\/page"}],"author":[{"embeddable":true,"href":"http:\/\/pmgirscacador.fepese.org.br\/index.php?rest_route=\/wp\/v2\/users\/2"}],"replies":[{"embeddable":true,"href":"http:\/\/pmgirscacador.fepese.org.br\/index.php?rest_route=%2Fwp%2Fv2%2Fcomments&post=2024"}],"version-history":[{"count":6,"href":"http:\/\/pmgirscacador.fepese.org.br\/index.php?rest_route=\/wp\/v2\/pages\/2024\/revisions"}],"predecessor-version":[{"id":2107,"href":"http:\/\/pmgirscacador.fepese.org.br\/index.php?rest_route=\/wp\/v2\/pages\/2024\/revisions\/2107"}],"wp:attachment":[{"href":"http:\/\/pmgirscacador.fepese.org.br\/index.php?rest_route=%2Fwp%2Fv2%2Fmedia&parent=2024"}],"curies":[{"name":"wp","href":"https:\/\/api.w.org\/{rel}","templated":true}]}}